{"id":1977,"date":"2020-07-22T11:49:52","date_gmt":"2020-07-22T11:49:52","guid":{"rendered":"https:\/\/wetravelportugal.com\/?page_id=1977"},"modified":"2022-07-23T14:20:45","modified_gmt":"2022-07-23T14:20:45","slug":"welcome","status":"publish","type":"page","link":"https:\/\/wetravelportugal.com\/pt\/","title":{"rendered":"Bem-vindos ao We Travel Portugal"},"content":{"rendered":"\n<figure class=\"wp-block-image size-large\"><img decoding=\"async\" src=\"https:\/\/wetravelportugal.com\/wp-content\/uploads\/2020\/08\/we-travel-portugal-blog.jpg\" alt=\"Portugal Travel Blog\" class=\"wp-image-2104\"\/><\/figure>\n\n\n\n<p>Ol\u00e1,<\/p>\n\n\n\n<p>N\u00f3s somos Annie e Ollie! H\u00e1 quatro anos atr\u00e1s n\u00f3s nos mudamos para Portugal e desde ent\u00e3o temos nos dedicado a viajar e explorar o pa\u00eds em um ritmo mais calmo. Atrav\u00e9s do nosso site, n\u00f3s queremos compartilhar nossas descobertas com voc\u00ea!&nbsp;&nbsp;<\/p>\n\n\n\n<p>Se voc\u00ea se interessa por guias de viagens mais curtinhas ou f\u00e9rias mais longas, receitas da gastronomia portuguesa e at\u00e9 informa\u00e7\u00f5es sobre a vida em Portugal, esse site foi feito pra voc\u00ea! N\u00f3s queremos te inspirar a conhecer um pa\u00eds aut\u00eantico que vai muito al\u00e9m de resorts, campos de golfe e past\u00e9is de nata! <\/p>\n\n\n\n<p class=\"has-text-align-center\"><strong>Nossas Praias Preferidas<\/strong>:<\/p>\n\n\n\n<div class=\"wp-block-columns is-layout-flex wp-container-core-columns-is-layout-9d6595d7 wp-block-columns-is-layout-flex\">\n<div class=\"wp-block-column is-layout-flow wp-block-column-is-layout-flow\">\n<figure class=\"wp-block-image size-large\"><img loading=\"lazy\" decoding=\"async\" width=\"1024\" height=\"768\" src=\"https:\/\/wetravelportugal.com\/pt\/wp-content\/uploads\/sites\/13\/2022\/05\/praia-de-salema-1024x768.jpg\" alt=\"Praia de Salema\" class=\"wp-image-2036\" srcset=\"https:\/\/wetravelportugal.com\/pt\/wp-content\/uploads\/sites\/13\/2022\/05\/praia-de-salema-1024x768.jpg 1024w, https:\/\/wetravelportugal.com\/pt\/wp-content\/uploads\/sites\/13\/2022\/05\/praia-de-salema-300x225.jpg 300w, https:\/\/wetravelportugal.com\/pt\/wp-content\/uploads\/sites\/13\/2022\/05\/praia-de-salema-768x576.jpg 768w, https:\/\/wetravelportugal.com\/pt\/wp-content\/uploads\/sites\/13\/2022\/05\/praia-de-salema.jpg 1200w\" sizes=\"auto, (max-width: 1024px) 100vw, 1024px\" \/><figcaption><a href=\"https:\/\/wetravelportugal.com\/pt\/salema-portugal\/\" target=\"_blank\" rel=\"noreferrer noopener\">Praia da Salema, Algarve<\/a><\/figcaption><\/figure>\n<\/div>\n\n\n\n<div class=\"wp-block-column is-layout-flow wp-block-column-is-layout-flow\">\n<figure class=\"wp-block-image size-large\"><img decoding=\"async\" src=\"https:\/\/wetravelportugal.com\/wp-content\/uploads\/2020\/03\/Praia-da-Fuseta-1024x768.jpg\" alt=\"Praia da Fuseta - Fuseta Beach\" class=\"wp-image-1018\"\/><figcaption><a href=\"https:\/\/wetravelportugal.com\/pt\/fuseta-portugal\/\">Fuseta, Algarve<\/a><\/figcaption><\/figure>\n<\/div>\n<\/div>\n\n\n\n<p class=\"has-text-align-center\"><strong>Nossas Cidades Favoritas:<\/strong><\/p>\n\n\n\n<div class=\"wp-block-columns is-layout-flex wp-container-core-columns-is-layout-9d6595d7 wp-block-columns-is-layout-flex\">\n<div class=\"wp-block-column is-layout-flow wp-block-column-is-layout-flow\">\n<figure class=\"wp-block-image size-large\"><img decoding=\"async\" src=\"https:\/\/wetravelportugal.com\/wp-content\/uploads\/2019\/09\/Loule-1024x768.jpg\" alt=\"Loule - Aerial shot of Loul\u00e9\" class=\"wp-image-975\"\/><figcaption><a href=\"https:\/\/wetravelportugal.com\/guide-to-loule-portugal\/\" target=\"_blank\" rel=\"noreferrer noopener\">Loule, Algarve<\/a><\/figcaption><\/figure>\n<\/div>\n\n\n\n<div class=\"wp-block-column is-layout-flow wp-block-column-is-layout-flow\">\n<figure class=\"wp-block-image size-large\"><img decoding=\"async\" src=\"https:\/\/wetravelportugal.com\/wp-content\/uploads\/2020\/04\/faro-cathedral-view.jpg\" alt=\"View from Faro Cathedral\" class=\"wp-image-1264\"\/><figcaption><a href=\"https:\/\/wetravelportugal.com\/faro-portugal\/\" target=\"_blank\" rel=\"noreferrer noopener\">Faro, Algarve<\/a><\/figcaption><\/figure>\n\n\n\n<p><\/p>\n<\/div>\n<\/div>\n\n\n\n<p class=\"has-text-align-center\"><strong>Receitas que Amamos:<\/strong><\/p>\n\n\n\n<div class=\"wp-block-columns is-layout-flex wp-container-core-columns-is-layout-9d6595d7 wp-block-columns-is-layout-flex\">\n<div class=\"wp-block-column is-layout-flow wp-block-column-is-layout-flow\">\n<figure class=\"wp-block-image size-large\"><img decoding=\"async\" src=\"https:\/\/wetravelportugal.com\/wp-content\/uploads\/2020\/05\/bifana-ingredients.jpg\" alt=\"Bifana Recipe Ingredients\" class=\"wp-image-1675\"\/><figcaption><a href=\"https:\/\/wetravelportugal.com\/pt\/bifanas-receita\/\">Bifanas Receita<\/a><\/figcaption><\/figure>\n<\/div>\n\n\n\n<div class=\"wp-block-column is-layout-flow wp-block-column-is-layout-flow\">\n<figure class=\"wp-block-image size-full\"><img loading=\"lazy\" decoding=\"async\" width=\"1024\" height=\"768\" src=\"https:\/\/wetravelportugal.com\/pt\/wp-content\/uploads\/sites\/13\/2022\/03\/francesinha-recieta.jpg\" alt=\"Receita de Francesinha\" class=\"wp-image-2021\" srcset=\"https:\/\/wetravelportugal.com\/pt\/wp-content\/uploads\/sites\/13\/2022\/03\/francesinha-recieta.jpg 1024w, https:\/\/wetravelportugal.com\/pt\/wp-content\/uploads\/sites\/13\/2022\/03\/francesinha-recieta-300x225.jpg 300w, https:\/\/wetravelportugal.com\/pt\/wp-content\/uploads\/sites\/13\/2022\/03\/francesinha-recieta-768x576.jpg 768w\" sizes=\"auto, (max-width: 1024px) 100vw, 1024px\" \/><figcaption><a href=\"https:\/\/wetravelportugal.com\/pt\/francesinha\/\">Francesinha Receita<\/a><\/figcaption><\/figure>\n<\/div>\n<\/div>\n\n\n\n<p>Nos acompanhem nas redes sociais!<\/p>\n\n\n\n<ul class=\"wp-block-social-links aligncenter is-layout-flex wp-block-social-links-is-layout-flex\">\n\n\n\n\n\n\n\n\n\n\n\n\n\n\n\n<li class=\"wp-social-link wp-social-link-instagram  wp-block-social-link\"><a href=\"https:\/\/www.instagram.com\/wetravelportugal\/\" class=\"wp-block-social-link-anchor\" target=\"_blank\" rel=\"noopener\"><svg width=\"24\" height=\"24\" viewBox=\"0 0 24 24\" version=\"1.1\" xmlns=\"http:\/\/www.w3.org\/2000\/svg\" aria-hidden=\"true\" focusable=\"false\"><path d=\"M12,4.622c2.403,0,2.688,0.009,3.637,0.052c0.877,0.04,1.354,0.187,1.671,0.31c0.42,0.163,0.72,0.358,1.035,0.673 c0.315,0.315,0.51,0.615,0.673,1.035c0.123,0.317,0.27,0.794,0.31,1.671c0.043,0.949,0.052,1.234,0.052,3.637 s-0.009,2.688-0.052,3.637c-0.04,0.877-0.187,1.354-0.31,1.671c-0.163,0.42-0.358,0.72-0.673,1.035 c-0.315,0.315-0.615,0.51-1.035,0.673c-0.317,0.123-0.794,0.27-1.671,0.31c-0.949,0.043-1.233,0.052-3.637,0.052 s-2.688-0.009-3.637-0.052c-0.877-0.04-1.354-0.187-1.671-0.31c-0.42-0.163-0.72-0.358-1.035-0.673 c-0.315-0.315-0.51-0.615-0.673-1.035c-0.123-0.317-0.27-0.794-0.31-1.671C4.631,14.688,4.622,14.403,4.622,12 s0.009-2.688,0.052-3.637c0.04-0.877,0.187-1.354,0.31-1.671c0.163-0.42,0.358-0.72,0.673-1.035 c0.315-0.315,0.615-0.51,1.035-0.673c0.317-0.123,0.794-0.27,1.671-0.31C9.312,4.631,9.597,4.622,12,4.622 M12,3 C9.556,3,9.249,3.01,8.289,3.054C7.331,3.098,6.677,3.25,6.105,3.472C5.513,3.702,5.011,4.01,4.511,4.511 c-0.5,0.5-0.808,1.002-1.038,1.594C3.25,6.677,3.098,7.331,3.054,8.289C3.01,9.249,3,9.556,3,12c0,2.444,0.01,2.751,0.054,3.711 c0.044,0.958,0.196,1.612,0.418,2.185c0.23,0.592,0.538,1.094,1.038,1.594c0.5,0.5,1.002,0.808,1.594,1.038 c0.572,0.222,1.227,0.375,2.185,0.418C9.249,20.99,9.556,21,12,21s2.751-0.01,3.711-0.054c0.958-0.044,1.612-0.196,2.185-0.418 c0.592-0.23,1.094-0.538,1.594-1.038c0.5-0.5,0.808-1.002,1.038-1.594c0.222-0.572,0.375-1.227,0.418-2.185 C20.99,14.751,21,14.444,21,12s-0.01-2.751-0.054-3.711c-0.044-0.958-0.196-1.612-0.418-2.185c-0.23-0.592-0.538-1.094-1.038-1.594 c-0.5-0.5-1.002-0.808-1.594-1.038c-0.572-0.222-1.227-0.375-2.185-0.418C14.751,3.01,14.444,3,12,3L12,3z M12,7.378 c-2.552,0-4.622,2.069-4.622,4.622S9.448,16.622,12,16.622s4.622-2.069,4.622-4.622S14.552,7.378,12,7.378z M12,15 c-1.657,0-3-1.343-3-3s1.343-3,3-3s3,1.343,3,3S13.657,15,12,15z M16.804,6.116c-0.596,0-1.08,0.484-1.08,1.08 s0.484,1.08,1.08,1.08c0.596,0,1.08-0.484,1.08-1.08S17.401,6.116,16.804,6.116z\"><\/path><\/svg><span class=\"wp-block-social-link-label screen-reader-text\">Instagram<\/span><\/a><\/li>\n\n<li class=\"wp-social-link wp-social-link-facebook  wp-block-social-link\"><a href=\"https:\/\/www.facebook.com\/wetravelpt\/\" class=\"wp-block-social-link-anchor\" target=\"_blank\" rel=\"noopener\"><svg width=\"24\" height=\"24\" viewBox=\"0 0 24 24\" version=\"1.1\" xmlns=\"http:\/\/www.w3.org\/2000\/svg\" aria-hidden=\"true\" focusable=\"false\"><path d=\"M12 2C6.5 2 2 6.5 2 12c0 5 3.7 9.1 8.4 9.9v-7H7.9V12h2.5V9.8c0-2.5 1.5-3.9 3.8-3.9 1.1 0 2.2.2 2.2.2v2.5h-1.3c-1.2 0-1.6.8-1.6 1.6V12h2.8l-.4 2.9h-2.3v7C18.3 21.1 22 17 22 12c0-5.5-4.5-10-10-10z\"><\/path><\/svg><span class=\"wp-block-social-link-label screen-reader-text\">Facebook<\/span><\/a><\/li>\n\n<li class=\"wp-social-link wp-social-link-pinterest  wp-block-social-link\"><a href=\"https:\/\/www.pinterest.pt\/wetravelportugal\/\" class=\"wp-block-social-link-anchor\" target=\"_blank\" rel=\"noopener\"><svg width=\"24\" height=\"24\" viewBox=\"0 0 24 24\" version=\"1.1\" xmlns=\"http:\/\/www.w3.org\/2000\/svg\" aria-hidden=\"true\" focusable=\"false\"><path d=\"M12.289,2C6.617,2,3.606,5.648,3.606,9.622c0,1.846,1.025,4.146,2.666,4.878c0.25,0.111,0.381,0.063,0.439-0.169 c0.044-0.175,0.267-1.029,0.365-1.428c0.032-0.128,0.017-0.237-0.091-0.362C6.445,11.911,6.01,10.75,6.01,9.668 c0-2.777,2.194-5.464,5.933-5.464c3.23,0,5.49,2.108,5.49,5.122c0,3.407-1.794,5.768-4.13,5.768c-1.291,0-2.257-1.021-1.948-2.277 c0.372-1.495,1.089-3.112,1.089-4.191c0-0.967-0.542-1.775-1.663-1.775c-1.319,0-2.379,1.309-2.379,3.059 c0,1.115,0.394,1.869,0.394,1.869s-1.302,5.279-1.54,6.261c-0.405,1.666,0.053,4.368,0.094,4.604 c0.021,0.126,0.167,0.169,0.25,0.063c0.129-0.165,1.699-2.419,2.142-4.051c0.158-0.59,0.817-2.995,0.817-2.995 c0.43,0.784,1.681,1.446,3.013,1.446c3.963,0,6.822-3.494,6.822-7.833C20.394,5.112,16.849,2,12.289,2\"><\/path><\/svg><span class=\"wp-block-social-link-label screen-reader-text\">Pinterest<\/span><\/a><\/li><\/ul>\n\n\n\n<p><\/p>\n","protected":false},"excerpt":{"rendered":"<p>Ol\u00e1, N\u00f3s somos Annie e Ollie! H\u00e1 quatro anos atr\u00e1s n\u00f3s nos mudamos para Portugal e desde ent\u00e3o temos nos dedicado a viajar e explorar o pa\u00eds em um ritmo mais calmo. Atrav\u00e9s do nosso site, n\u00f3s queremos compartilhar nossas descobertas com voc\u00ea!&nbsp;&nbsp; Se voc\u00ea se interessa por guias de viagens mais curtinhas ou f\u00e9rias &#8230; <\/p>\n<p class=\"read-more-container\"><a title=\"Bem-vindos ao We Travel Portugal\" class=\"read-more button\" href=\"https:\/\/wetravelportugal.com\/pt\/#more-1977\" aria-label=\"Read more about Bem-vindos ao We Travel Portugal\">Read more<\/a><\/p>\n","protected":false},"author":1,"featured_media":0,"parent":0,"menu_order":0,"comment_status":"closed","ping_status":"closed","template":"","meta":{"footnotes":""},"class_list":["post-1977","page","type-page","status-publish"],"_links":{"self":[{"href":"https:\/\/wetravelportugal.com\/pt\/wp-json\/wp\/v2\/pages\/1977","targetHints":{"allow":["GET"]}}],"collection":[{"href":"https:\/\/wetravelportugal.com\/pt\/wp-json\/wp\/v2\/pages"}],"about":[{"href":"https:\/\/wetravelportugal.com\/pt\/wp-json\/wp\/v2\/types\/page"}],"author":[{"embeddable":true,"href":"https:\/\/wetravelportugal.com\/pt\/wp-json\/wp\/v2\/users\/1"}],"replies":[{"embeddable":true,"href":"https:\/\/wetravelportugal.com\/pt\/wp-json\/wp\/v2\/comments?post=1977"}],"version-history":[{"count":10,"href":"https:\/\/wetravelportugal.com\/pt\/wp-json\/wp\/v2\/pages\/1977\/revisions"}],"predecessor-version":[{"id":2061,"href":"https:\/\/wetravelportugal.com\/pt\/wp-json\/wp\/v2\/pages\/1977\/revisions\/2061"}],"wp:attachment":[{"href":"https:\/\/wetravelportugal.com\/pt\/wp-json\/wp\/v2\/media?parent=1977"}],"curies":[{"name":"wp","href":"https:\/\/api.w.org\/{rel}","templated":true}]}}